{"id":100,"date":"2023-10-08T21:46:44","date_gmt":"2023-10-09T00:46:44","guid":{"rendered":"http:\/\/designemoveis.com.br\/?post_type=product&#038;p=100"},"modified":"2023-10-08T21:47:08","modified_gmt":"2023-10-09T00:47:08","slug":"ergohuman-elite","status":"publish","type":"product","link":"http:\/\/designemoveis.com.br\/index.php\/product\/ergohuman-elite\/","title":{"rendered":"Ergohuman Elite"},"content":{"rendered":"<div id=\"banner-item-1\" class=\"banner-item\">\n<div class=\"swiper-container2 i-banner detail-pointbanner-css swiper-container-horizontal swiper-container-fade\">\n<div class=\"swiper-wrapper\">\n<div class=\"swiper-slide swiper-slide-active\" data-swiper-slide-index=\"3\">\n<div class=\"ad-banner detail-banner-css\">\n<div class=\"banner-inner-box inner-box-width black-text fr\">\n<div id=\"banner-item-1\" class=\"banner-item\">\n<div class=\"swiper-container2 i-banner detail-pointbanner-css swiper-container-horizontal swiper-container-fade\">\n<div class=\"swiper-wrapper\">\n<div class=\"swiper-slide swiper-slide-active\" data-swiper-slide-index=\"3\">\n<div class=\"ad-banner detail-banner-css\"><b>ELITE ERGOHUMANA (suporte para p\u00e9s somente por encomenda &#8211; vendido separadamente)<\/b><\/div>\n<\/div>\n<div class=\"swiper-slide swiper-slide-duplicate swiper-slide-next\" data-swiper-slide-index=\"0\">\n<div id=\"banner-item-1\" class=\"banner-item\">\n<div class=\"swiper-container2 i-banner detail-pointbanner-css swiper-container-horizontal swiper-container-fade\">\n<div class=\"swiper-wrapper\">\n<div class=\"swiper-slide swiper-slide-duplicate\" data-swiper-slide-index=\"0\">\n<div class=\"ad-banner detail-banner-css\">\n<div id=\"banner-item-1\" class=\"banner-item\">\n<div class=\"swiper-container2 i-banner detail-pointbanner-css swiper-container-horizontal swiper-container-fade\">\n<div class=\"swiper-wrapper\">\n<div class=\"swiper-slide swiper-slide-duplicate swiper-slide-next\" data-swiper-slide-index=\"0\">\n<div class=\"ad-banner detail-banner-css\">\n<div class=\"banner-inner-box inner-box-width black-text fr\">\n<h2 class=\"banner-title-h2 MG-bottom\">DESIGN INTELIGENTE<\/h2>\n<p class=\"text-p\">O Ergohuman Plus Elite possui todas as principais caracter\u00edsticas do modelo Luxury, mas com detalhes de alum\u00ednio reduzidos e sem a inclina\u00e7\u00e3o do assento para frente para atingir um mercado mais amplo.<\/p>\n<p>O controle de alavanca \u00fanica engenhosamente simples opera as tr\u00eas fun\u00e7\u00f5es de cadeira usadas com mais frequ\u00eancia a partir de um \u00fanico ponto de contato (altura do assento, profundidade do assento e inclina\u00e7\u00e3o do encosto). Os bra\u00e7os s\u00e3o inteligentemente integrados na parte traseira do mecanismo para permitir um trabalho mais pr\u00f3ximo da mesa.<\/p>\n<\/div>\n<\/div>\n<\/div>\n<\/div>\n<\/div>\n<\/div>\n<\/div>\n<\/div>\n<\/div>\n<\/div>\n<\/div>\n<\/div>\n<\/div>\n<\/div>\n<\/div>\n<\/div>\n<\/div>\n<\/div>\n<\/div>\n<\/div>\n<\/div>\n","protected":false},"excerpt":{"rendered":"<p><span class=\"timeline-title\">CARACTER\u00cdSTICAS<\/span><\/p>\n<ul>\n<li>Controle de alavanca \u00fanica<\/li>\n<li>Deslizamento do assento<\/li>\n<li>Banco dianteiro em cascata aprimorado<\/li>\n<li>Suporte lombar autom\u00e1tico<\/li>\n<li>Bloqueio de altura, \u00e2ngulo, largura e profundidade dos ajustes do apoio de bra\u00e7o<\/li>\n<li>Encosto de cabe\u00e7a opcional com ajuste de altura e \u00e2ngulo<\/li>\n<li>Cabide opcional por encomenda + suporte para p\u00e9s<\/li>\n<\/ul>\n","protected":false},"featured_media":114,"comment_status":"open","ping_status":"closed","template":"","meta":[],"product_cat":[20],"product_tag":[21,22,23,24],"_links":{"self":[{"href":"http:\/\/designemoveis.com.br\/index.php\/wp-json\/wp\/v2\/product\/100"}],"collection":[{"href":"http:\/\/designemoveis.com.br\/index.php\/wp-json\/wp\/v2\/product"}],"about":[{"href":"http:\/\/designemoveis.com.br\/index.php\/wp-json\/wp\/v2\/types\/product"}],"replies":[{"embeddable":true,"href":"http:\/\/designemoveis.com.br\/index.php\/wp-json\/wp\/v2\/comments?post=100"}],"wp:featuredmedia":[{"embeddable":true,"href":"http:\/\/designemoveis.com.br\/index.php\/wp-json\/wp\/v2\/media\/114"}],"wp:attachment":[{"href":"http:\/\/designemoveis.com.br\/index.php\/wp-json\/wp\/v2\/media?parent=100"}],"wp:term":[{"taxonomy":"product_cat","embeddable":true,"href":"http:\/\/designemoveis.com.br\/index.php\/wp-json\/wp\/v2\/product_cat?post=100"},{"taxonomy":"product_tag","embeddable":true,"href":"http:\/\/designemoveis.com.br\/index.php\/wp-json\/wp\/v2\/product_tag?post=100"}],"curies":[{"name":"wp","href":"https:\/\/api.w.org\/{rel}","templated":true}]}}